{"id":279857,"date":"2022-03-23T10:57:39","date_gmt":"2022-03-23T09:57:39","guid":{"rendered":"https:\/\/sbbimmobilien.wpengine.com\/?page_id=279857"},"modified":"2022-04-11T13:23:46","modified_gmt":"2022-04-11T11:23:46","slug":"proprietes","status":"publish","type":"page","link":"https:\/\/dev.sbb-immobilien.ch\/fr\/proprietes\/","title":{"rendered":"Propri\u00e9t\u00e9s"},"content":{"rendered":"","protected":false},"excerpt":{"rendered":"","protected":false},"author":3,"featured_media":0,"parent":0,"menu_order":0,"comment_status":"closed","ping_status":"closed","template":"page-template-liegenschaften.php","meta":{"_acf_changed":false,"inline_featured_image":false,"footnotes":""},"class_list":["post-279857","page","type-page","status-publish","hentry"],"acf":[],"yoast_head":"<!-- This site is optimized with the Yoast SEO Premium plugin v25.3 (Yoast SEO v27.3) - https:\/\/yoast.com\/product\/yoast-seo-premium-wordpress\/ -->\n<title>Propri\u00e9t\u00e9s | CFF Immobilier<\/title>\n<meta name=\"description\" content=\"Nous proposons des propri\u00e9t\u00e9s de grande qualit\u00e9 dans des emplacements de premier choix, avec des surfaces pour l&#039;habitat, les bureaux, la vente au d\u00e9tail, la sant\u00e9 et l&#039;\u00e9ducation.\" \/>\n<meta name=\"robots\" content=\"noindex, follow, max-snippet:-1, max-image-preview:large, max-video-preview:-1\" \/>\n<meta property=\"og:locale\" content=\"fr_FR\" \/>\n<meta property=\"og:type\" content=\"article\" \/>\n<meta property=\"og:title\" content=\"Propri\u00e9t\u00e9s\" \/>\n<meta property=\"og:description\" content=\"Nous proposons des propri\u00e9t\u00e9s de grande qualit\u00e9 dans des emplacements de premier choix, avec des surfaces pour l&#039;habitat, les bureaux, la vente au d\u00e9tail, la sant\u00e9 et l&#039;\u00e9ducation.\" \/>\n<meta property=\"og:url\" content=\"https:\/\/dev.sbb-immobilien.ch\/fr\/proprietes\/\" \/>\n<meta property=\"og:site_name\" content=\"CFF Immobilier\" \/>\n<meta property=\"article:modified_time\" content=\"2022-04-11T11:23:46+00:00\" \/>\n<meta name=\"twitter:card\" content=\"summary_large_image\" \/>\n<script type=\"application\/ld+json\" class=\"yoast-schema-graph\">{\"@context\":\"https:\\\/\\\/schema.org\",\"@graph\":[{\"@type\":\"WebPage\",\"@id\":\"https:\\\/\\\/dev.sbb-immobilien.ch\\\/fr\\\/proprietes\\\/\",\"url\":\"https:\\\/\\\/dev.sbb-immobilien.ch\\\/fr\\\/proprietes\\\/\",\"name\":\"Propri\u00e9t\u00e9s | CFF Immobilier\",\"isPartOf\":{\"@id\":\"https:\\\/\\\/dev.sbb-immobilien.ch\\\/#website\"},\"datePublished\":\"2022-03-23T09:57:39+00:00\",\"dateModified\":\"2022-04-11T11:23:46+00:00\",\"description\":\"Nous proposons des propri\u00e9t\u00e9s de grande qualit\u00e9 dans des emplacements de premier choix, avec des surfaces pour l'habitat, les bureaux, la vente au d\u00e9tail, la sant\u00e9 et l'\u00e9ducation.\",\"breadcrumb\":{\"@id\":\"https:\\\/\\\/dev.sbb-immobilien.ch\\\/fr\\\/proprietes\\\/#breadcrumb\"},\"inLanguage\":\"fr-FR\",\"potentialAction\":[{\"@type\":\"ReadAction\",\"target\":[\"https:\\\/\\\/dev.sbb-immobilien.ch\\\/fr\\\/proprietes\\\/\"]}]},{\"@type\":\"BreadcrumbList\",\"@id\":\"https:\\\/\\\/dev.sbb-immobilien.ch\\\/fr\\\/proprietes\\\/#breadcrumb\",\"itemListElement\":[{\"@type\":\"ListItem\",\"position\":1,\"name\":\"Home\",\"item\":\"https:\\\/\\\/dev.sbb-immobilien.ch\\\/fr\\\/\"},{\"@type\":\"ListItem\",\"position\":2,\"name\":\"Propri\u00e9t\u00e9s\"}]},{\"@type\":\"WebSite\",\"@id\":\"https:\\\/\\\/dev.sbb-immobilien.ch\\\/#website\",\"url\":\"https:\\\/\\\/dev.sbb-immobilien.ch\\\/\",\"name\":\"CFF Immobilier\",\"description\":\"Des immeubles id\u00e9alement situ\u00e9s.\",\"publisher\":{\"@id\":\"https:\\\/\\\/dev.sbb-immobilien.ch\\\/#organization\"},\"potentialAction\":[{\"@type\":\"SearchAction\",\"target\":{\"@type\":\"EntryPoint\",\"urlTemplate\":\"https:\\\/\\\/dev.sbb-immobilien.ch\\\/?s={search_term_string}\"},\"query-input\":{\"@type\":\"PropertyValueSpecification\",\"valueRequired\":true,\"valueName\":\"search_term_string\"}}],\"inLanguage\":\"fr-FR\"},{\"@type\":\"Organization\",\"@id\":\"https:\\\/\\\/dev.sbb-immobilien.ch\\\/#organization\",\"name\":\"SBB Immobilien\",\"url\":\"https:\\\/\\\/dev.sbb-immobilien.ch\\\/\",\"logo\":{\"@type\":\"ImageObject\",\"inLanguage\":\"fr-FR\",\"@id\":\"https:\\\/\\\/dev.sbb-immobilien.ch\\\/#\\\/schema\\\/logo\\\/image\\\/\",\"url\":\"https:\\/\\/sbbimmobilidev.wpengine.com\\/wp-content\\/uploads\\/2021\\/11\\/SBB_byte_200329_DSC_4292_2500px.jpg\",\"contentUrl\":\"https:\\/\\/sbbimmobilidev.wpengine.com\\/wp-content\\/uploads\\/2021\\/11\\/SBB_byte_200329_DSC_4292_2500px.jpg\",\"width\":2500,\"height\":1669,\"caption\":\"SBB Immobilien\"},\"image\":{\"@id\":\"https:\\\/\\\/dev.sbb-immobilien.ch\\\/#\\\/schema\\\/logo\\\/image\\\/\"},\"sameAs\":[\"https:\\\/\\\/ch.linkedin.com\\\/showcase\\\/immobilienberufe?trk=affiliated-pages\",\"https:\\\/\\\/de.wikipedia.org\\\/wiki\\\/Schweizerische_Bundesbahnen\"]}]}<\/script>\n<!-- \/ Yoast SEO Premium plugin. -->","yoast_head_json":{"title":"Propri\u00e9t\u00e9s | CFF Immobilier","description":"Nous proposons des propri\u00e9t\u00e9s de grande qualit\u00e9 dans des emplacements de premier choix, avec des surfaces pour l'habitat, les bureaux, la vente au d\u00e9tail, la sant\u00e9 et l'\u00e9ducation.","robots":{"index":"noindex","follow":"follow","max-snippet":"max-snippet:-1","max-image-preview":"max-image-preview:large","max-video-preview":"max-video-preview:-1"},"og_locale":"fr_FR","og_type":"article","og_title":"Propri\u00e9t\u00e9s","og_description":"Nous proposons des propri\u00e9t\u00e9s de grande qualit\u00e9 dans des emplacements de premier choix, avec des surfaces pour l'habitat, les bureaux, la vente au d\u00e9tail, la sant\u00e9 et l'\u00e9ducation.","og_url":"https:\/\/dev.sbb-immobilien.ch\/fr\/proprietes\/","og_site_name":"CFF Immobilier","article_modified_time":"2022-04-11T11:23:46+00:00","twitter_card":"summary_large_image","schema":{"@context":"https:\/\/schema.org","@graph":[{"@type":"WebPage","@id":"https:\/\/dev.sbb-immobilien.ch\/fr\/proprietes\/","url":"https:\/\/dev.sbb-immobilien.ch\/fr\/proprietes\/","name":"Propri\u00e9t\u00e9s | CFF Immobilier","isPartOf":{"@id":"https:\/\/dev.sbb-immobilien.ch\/#website"},"datePublished":"2022-03-23T09:57:39+00:00","dateModified":"2022-04-11T11:23:46+00:00","description":"Nous proposons des propri\u00e9t\u00e9s de grande qualit\u00e9 dans des emplacements de premier choix, avec des surfaces pour l'habitat, les bureaux, la vente au d\u00e9tail, la sant\u00e9 et l'\u00e9ducation.","breadcrumb":{"@id":"https:\/\/dev.sbb-immobilien.ch\/fr\/proprietes\/#breadcrumb"},"inLanguage":"fr-FR","potentialAction":[{"@type":"ReadAction","target":["https:\/\/dev.sbb-immobilien.ch\/fr\/proprietes\/"]}]},{"@type":"BreadcrumbList","@id":"https:\/\/dev.sbb-immobilien.ch\/fr\/proprietes\/#breadcrumb","itemListElement":[{"@type":"ListItem","position":1,"name":"Home","item":"https:\/\/dev.sbb-immobilien.ch\/fr\/"},{"@type":"ListItem","position":2,"name":"Propri\u00e9t\u00e9s"}]},{"@type":"WebSite","@id":"https:\/\/dev.sbb-immobilien.ch\/#website","url":"https:\/\/dev.sbb-immobilien.ch\/","name":"CFF Immobilier","description":"Des immeubles id\u00e9alement situ\u00e9s.","publisher":{"@id":"https:\/\/dev.sbb-immobilien.ch\/#organization"},"potentialAction":[{"@type":"SearchAction","target":{"@type":"EntryPoint","urlTemplate":"https:\/\/dev.sbb-immobilien.ch\/?s={search_term_string}"},"query-input":{"@type":"PropertyValueSpecification","valueRequired":true,"valueName":"search_term_string"}}],"inLanguage":"fr-FR"},{"@type":"Organization","@id":"https:\/\/dev.sbb-immobilien.ch\/#organization","name":"SBB Immobilien","url":"https:\/\/dev.sbb-immobilien.ch\/","logo":{"@type":"ImageObject","inLanguage":"fr-FR","@id":"https:\/\/dev.sbb-immobilien.ch\/#\/schema\/logo\/image\/","url":"https:\/\/cdn.sbb-immobilien.ch\/w:auto\/h:auto\/q:mauto\/f:best\/https:\/\/sbbimmobilidev.wpengine.com\/wp-content\/uploads\/2021\/11\/SBB_byte_200329_DSC_4292_2500px.jpg","contentUrl":"https:\/\/cdn.sbb-immobilien.ch\/w:auto\/h:auto\/q:mauto\/f:best\/https:\/\/sbbimmobilidev.wpengine.com\/wp-content\/uploads\/2021\/11\/SBB_byte_200329_DSC_4292_2500px.jpg","width":2500,"height":1669,"caption":"SBB Immobilien"},"image":{"@id":"https:\/\/dev.sbb-immobilien.ch\/#\/schema\/logo\/image\/"},"sameAs":["https:\/\/ch.linkedin.com\/showcase\/immobilienberufe?trk=affiliated-pages","https:\/\/de.wikipedia.org\/wiki\/Schweizerische_Bundesbahnen"]}]}},"_links":{"self":[{"href":"https:\/\/dev.sbb-immobilien.ch\/fr\/wp-json\/wp\/v2\/pages\/279857","targetHints":{"allow":["GET"]}}],"collection":[{"href":"https:\/\/dev.sbb-immobilien.ch\/fr\/wp-json\/wp\/v2\/pages"}],"about":[{"href":"https:\/\/dev.sbb-immobilien.ch\/fr\/wp-json\/wp\/v2\/types\/page"}],"author":[{"embeddable":true,"href":"https:\/\/dev.sbb-immobilien.ch\/fr\/wp-json\/wp\/v2\/users\/3"}],"replies":[{"embeddable":true,"href":"https:\/\/dev.sbb-immobilien.ch\/fr\/wp-json\/wp\/v2\/comments?post=279857"}],"version-history":[{"count":0,"href":"https:\/\/dev.sbb-immobilien.ch\/fr\/wp-json\/wp\/v2\/pages\/279857\/revisions"}],"wp:attachment":[{"href":"https:\/\/dev.sbb-immobilien.ch\/fr\/wp-json\/wp\/v2\/media?parent=279857"}],"curies":[{"name":"wp","href":"https:\/\/api.w.org\/{rel}","templated":true}]}}